{"id":62,"date":"2015-01-20T22:39:46","date_gmt":"2015-01-20T22:39:46","guid":{"rendered":"https:\/\/www.helasunne.se\/?page_id=62"},"modified":"2018-07-15T10:39:39","modified_gmt":"2018-07-15T10:39:39","slug":"inger-grankvist","status":"publish","type":"page","link":"https:\/\/www.helasunne.se\/?page_id=62","title":{"rendered":"Inger Grankvist"},"content":{"rendered":"<p><a href=\"https:\/\/www.helasunne.se\/wp-content\/uploads\/2015\/01\/IngerGrankvist.jpg\"><img loading=\"lazy\" decoding=\"async\" src=\"https:\/\/www.helasunne.se\/wp-content\/uploads\/2015\/01\/IngerGrankvist.jpg\" alt=\"IngerGrankvist\" width=\"504\" height=\"640\" class=\"alignnone size-full wp-image-76\" srcset=\"https:\/\/www.helasunne.se\/wp-content\/uploads\/2015\/01\/IngerGrankvist.jpg 504w, https:\/\/www.helasunne.se\/wp-content\/uploads\/2015\/01\/IngerGrankvist-236x300.jpg 236w\" sizes=\"auto, (max-width: 504px) 100vw, 504px\" \/><\/a><\/p>\n<p>Jag \u00e4r gymnasiel\u00e4rare och bor i Rottneros. Mina intressen \u00e4r bl.a. litteratur och kultur och jag anser att skola och utbildning \u00e4r de viktigaste fr\u00e5gorna i Sunne idag. Vi f\u00e5r inte spara p\u00e5 barnen.<\/p>\n","protected":false},"excerpt":{"rendered":"<p>Jag \u00e4r gymnasiel\u00e4rare och bor i Rottneros. Mina intressen \u00e4r bl.a. litteratur och kultur och jag anser att skola och utbildning \u00e4r de viktigaste fr\u00e5gorna i Sunne idag. Vi f\u00e5r inte spara p\u00e5 barnen.<\/p>\n","protected":false},"author":1,"featured_media":0,"parent":37,"menu_order":0,"comment_status":"closed","ping_status":"closed","template":"","meta":{"footnotes":""},"class_list":["post-62","page","type-page","status-publish","hentry"],"_links":{"self":[{"href":"https:\/\/www.helasunne.se\/index.php?rest_route=\/wp\/v2\/pages\/62","targetHints":{"allow":["GET"]}}],"collection":[{"href":"https:\/\/www.helasunne.se\/index.php?rest_route=\/wp\/v2\/pages"}],"about":[{"href":"https:\/\/www.helasunne.se\/index.php?rest_route=\/wp\/v2\/types\/page"}],"author":[{"embeddable":true,"href":"https:\/\/www.helasunne.se\/index.php?rest_route=\/wp\/v2\/users\/1"}],"replies":[{"embeddable":true,"href":"https:\/\/www.helasunne.se\/index.php?rest_route=%2Fwp%2Fv2%2Fcomments&post=62"}],"version-history":[{"count":3,"href":"https:\/\/www.helasunne.se\/index.php?rest_route=\/wp\/v2\/pages\/62\/revisions"}],"predecessor-version":[{"id":438,"href":"https:\/\/www.helasunne.se\/index.php?rest_route=\/wp\/v2\/pages\/62\/revisions\/438"}],"up":[{"embeddable":true,"href":"https:\/\/www.helasunne.se\/index.php?rest_route=\/wp\/v2\/pages\/37"}],"wp:attachment":[{"href":"https:\/\/www.helasunne.se\/index.php?rest_route=%2Fwp%2Fv2%2Fmedia&parent=62"}],"curies":[{"name":"wp","href":"https:\/\/api.w.org\/{rel}","templated":true}]}}