{"id":58,"date":"2015-01-20T22:37:42","date_gmt":"2015-01-20T22:37:42","guid":{"rendered":"https:\/\/www.helasunne.se\/?page_id=58"},"modified":"2015-01-20T22:46:00","modified_gmt":"2015-01-20T22:46:00","slug":"anders-broman","status":"publish","type":"page","link":"https:\/\/www.helasunne.se\/?page_id=58","title":{"rendered":"Anders Broman"},"content":{"rendered":"<p><a href=\"https:\/\/www.helasunne.se\/wp-content\/uploads\/2015\/01\/AndersBroman.jpg\"><img loading=\"lazy\" decoding=\"async\" src=\"https:\/\/www.helasunne.se\/wp-content\/uploads\/2015\/01\/AndersBroman.jpg\" alt=\"AndersBroman\" width=\"335\" height=\"502\" class=\"alignnone size-full wp-image-70\" srcset=\"https:\/\/www.helasunne.se\/wp-content\/uploads\/2015\/01\/AndersBroman.jpg 335w, https:\/\/www.helasunne.se\/wp-content\/uploads\/2015\/01\/AndersBroman-200x300.jpg 200w\" sizes=\"auto, (max-width: 335px) 100vw, 335px\" \/><br \/>\n<\/a>Anders Broman \u00e4r 71 \u00e5r och uppvuxen i Sydamerika och V\u00e4ster\u00e5s. Anders studerade medicin vid Uppsala Universitet och blev legitimerad l\u00e4kare 1970. Under sitt yrkesliv har han huvudsakligen varit verksam som distriktsl\u00e4kare och specialist i allm\u00e4nmedicin i Sunne. Han har haft flera chefsbefattningar inom sjukv\u00e5rden och har bl.a. varit ordf\u00f6rande f\u00f6r V\u00e4rmlands l\u00e4karf\u00f6rening. Under \u00e5ren 1975-1995 var Anders politiskt aktiv f\u00f6r moderaterna i Sunne. Anders \u00e4r fortfarande verksam som l\u00e4kare men numera som klinisk l\u00e4rare f\u00f6r yngre l\u00e4kare vid utbildningsv\u00e5rdcentralen i Munkfors. Anders Broman bor p\u00e5 hustrun Birgittas sl\u00e4ktg\u00e5rd i \u00d6stra \u00c4mtervik d\u00e4r han bedriver k\u00f6ttdjursuppf\u00f6dning, giftfri odling och skogsbruk. Han har tre barn och sex barnbarn. Anders vill verka f\u00f6r att servicen och infrastrukturen p\u00e5 landsbygden blir s\u00e5dan att man kan bo, arbeta och leva d\u00e4r. N\u00e4rodlad kvalitetsmat \u00e4r viktig f\u00f6r folkh\u00e4lsan Det g\u00e4ller att f\u00e5 politiker och andra att se landsbygden som en resurs. D\u00e5 kan man v\u00e4nda trenden att alltfler m\u00e4nniskor flyttar till storst\u00e4derna.<\/p>\n","protected":false},"excerpt":{"rendered":"<p>Anders Broman \u00e4r 71 \u00e5r och uppvuxen i Sydamerika och V\u00e4ster\u00e5s. Anders studerade medicin vid Uppsala Universitet och blev legitimerad l\u00e4kare 1970. Under sitt yrkesliv har han huvudsakligen varit verksam som distriktsl\u00e4kare och specialist i allm\u00e4nmedicin i Sunne. Han har haft flera chefsbefattningar inom sjukv\u00e5rden och har bl.a. varit ordf\u00f6rande f\u00f6r V\u00e4rmlands l\u00e4karf\u00f6rening. Under \u00e5ren [&hellip;]<\/p>\n","protected":false},"author":1,"featured_media":0,"parent":37,"menu_order":0,"comment_status":"closed","ping_status":"closed","template":"","meta":{"footnotes":""},"class_list":["post-58","page","type-page","status-publish","hentry"],"_links":{"self":[{"href":"https:\/\/www.helasunne.se\/index.php?rest_route=\/wp\/v2\/pages\/58","targetHints":{"allow":["GET"]}}],"collection":[{"href":"https:\/\/www.helasunne.se\/index.php?rest_route=\/wp\/v2\/pages"}],"about":[{"href":"https:\/\/www.helasunne.se\/index.php?rest_route=\/wp\/v2\/types\/page"}],"author":[{"embeddable":true,"href":"https:\/\/www.helasunne.se\/index.php?rest_route=\/wp\/v2\/users\/1"}],"replies":[{"embeddable":true,"href":"https:\/\/www.helasunne.se\/index.php?rest_route=%2Fwp%2Fv2%2Fcomments&post=58"}],"version-history":[{"count":4,"href":"https:\/\/www.helasunne.se\/index.php?rest_route=\/wp\/v2\/pages\/58\/revisions"}],"predecessor-version":[{"id":87,"href":"https:\/\/www.helasunne.se\/index.php?rest_route=\/wp\/v2\/pages\/58\/revisions\/87"}],"up":[{"embeddable":true,"href":"https:\/\/www.helasunne.se\/index.php?rest_route=\/wp\/v2\/pages\/37"}],"wp:attachment":[{"href":"https:\/\/www.helasunne.se\/index.php?rest_route=%2Fwp%2Fv2%2Fmedia&parent=58"}],"curies":[{"name":"wp","href":"https:\/\/api.w.org\/{rel}","templated":true}]}}