{"id":2,"date":"2015-01-17T21:40:04","date_gmt":"2015-01-17T21:40:04","guid":{"rendered":"https:\/\/www.helasunne.se\/?page_id=2"},"modified":"2026-05-13T21:04:44","modified_gmt":"2026-05-13T21:04:44","slug":"sample-page","status":"publish","type":"page","link":"https:\/\/www.helasunne.se\/","title":{"rendered":""},"content":{"rendered":"<p><a href=\"https:\/\/www.helasunne.se\/wp-content\/uploads\/2015\/01\/Sunne26.jpg\"><img loading=\"lazy\" decoding=\"async\" class=\"alignnone size-full wp-image-4\" src=\"https:\/\/www.helasunne.se\/wp-content\/uploads\/2015\/01\/Sunne26.jpg\" alt=\"\" width=\"1000\" height=\"245\" srcset=\"https:\/\/www.helasunne.se\/wp-content\/uploads\/2015\/01\/Sunne26.jpg 1000w, https:\/\/www.helasunne.se\/wp-content\/uploads\/2015\/01\/Sunne26-300x74.jpg 300w, https:\/\/www.helasunne.se\/wp-content\/uploads\/2015\/01\/Sunne26-624x153.jpg 624w\" sizes=\"auto, (max-width: 1000px) 100vw, 1000px\" \/><\/a><\/p>\n<p>&nbsp;<\/p>\n<p><strong>Nyheter<\/strong><\/p>\n<p><a href=\"https:\/\/www.fryksdalsbygden.se\/2026\/05\/07\/kd-med-nar-partierna-i-sunnesamverkan-gar-till-val-vi-vill-ta-ett-steg-till-2eb85\/\">KD med n\u00e4r partierna i Sunnesamverkan g\u00e5r till val: \u201dVi vill ta ett steg till\u201d. FB 2026-05-07.<\/a><\/p>\n<p><a href=\"https:\/\/www.fryksdalsbygden.se\/2026\/04\/27\/statliga-vindkraftmutor-ea075\/\">Statliga vindkraftmutor. FB 2026-04-27.<\/a><\/p>\n<p><a href=\"https:\/\/www.fryksdalsbygden.se\/2026\/03\/24\/hela-sunnes-lista-spikad-18052\/\">Hela Sunnes lista spikad. FB 2026-03-24.<\/a><\/p>\n<p><a href=\"https:\/\/www.fryksdalsbygden.se\/2025\/11\/10\/majoritet-for-att-ateroppna-klattenskolan-9b5ef\/\">Majoritet f\u00f6r att \u00e5ter\u00f6ppna Kl\u00e4ttenskolan. FB 2025-11-10.<\/a><\/p>\n<p><a href=\"https:\/\/www.fryksdalsbygden.se\/2025\/09\/22\/allmanna-utskottet-sa-ja-till-markanvisning-for-corteq-energy-ab-som-vill-bygga-anlaggning-for-energ-2d339\/\">Allm\u00e4nna utskottet s\u00e4ger jag till markanvisning f\u00f6r Corteq Energy AB. FB 2025-09-22.<\/a><\/p>\n<p><a href=\"https:\/\/www.fryksdalsbygden.se\/2025\/06\/02\/hon-blir-ny-ordforande-for-partiet-hela-sunne-0cbef\/\">Hon blir ordf\u00f6rande f\u00f6r partiet Hela Sunne. FB 2025-06-02.<\/a><\/p>\n<p><a href=\"https:\/\/www.fryksdalsbygden.se\/2025\/02\/18\/hela-sunne-vill-oppna-for-anbud-pa-stora-torget-i-en-marktilldelningstavling-915b0\/\">Hela Sunne vill \u00f6ppna f\u00f6r anbud p\u00e5 Stora Torget i en marktilldelningst\u00e4vling. FB 2025-02-18.<\/a><\/p>\n<p><a href=\"https:\/\/www.fryksdalsbygden.se\/2025\/01\/09\/dags-att-tanka-om-gallande-stora-torget-311ca\/\">Debatt: Dags att t\u00e4nka om g\u00e4llande Stora torget. FB 2025-01-19. <\/a><\/p>\n<p><a href=\"https:\/\/www.fryksdalsbygden.se\/2024\/10\/23\/vindkraft-pa-bjornhojden-inte-sjalvklart-7fb22\/\">Vindkraft p\u00e5 Bj\u00f6rnh\u00f6jden inte sj\u00e4lvklart. FB 2024-10-23.<\/a><\/p>\n<p><a href=\"https:\/\/www.fryksdalsbygden.se\/2024\/04\/05\/utveckling-i-stallet-for-avveckling-pa-klatten-e4b80\/\">Utveckling i st\u00e4llet f\u00f6r avveckling p\u00e5 Kl\u00e4tten. 2024-04-05.<\/a><\/p>\n<p><a href=\"https:\/\/www.helasunne.se\/wp-content\/uploads\/2015\/01\/Pressmeddelande_Sunnesamverkan.pdf\">Pressmeddelande Sunnesamverkan. 2022-10-06.<\/a><\/p>\n<p><a href=\"https:\/\/www.helasunne.se\/wp-content\/uploads\/2015\/01\/65-plussare.pdf\">Bj\u00f6rn Gillbergs brev till alla 65-plussare.<\/a><\/p>\n<p><a href=\"https:\/\/www.helasunne.se\/wp-content\/uploads\/2015\/01\/Hela-Sunne-valfolder-2022.pdf\">Hela Sunnes valfolder 2022<\/a><\/p>\n<p><a href=\"https:\/\/www.youtube.com\/watch?v=TX8AL_hiiWQ\"> 2022-06-14: Nytt p\u00e5 Hela Sunnes Youtubekanal: Ja till bro. Men inte betald av kommunen. <\/a><\/p>\n<p><a href=\"https:\/\/www.helasunne.se\/wp-content\/uploads\/2015\/01\/Hela-Sunnes-kandidater-valet-2022.pdf\">Hela Sunnes kandidater valet 2022<\/a><\/p>\n<p><a href=\"https:\/\/www.fryksdalsbygden.se\/2022\/04\/12\/de-toppar-hela-sunnes-lista\/\">2022-04-12: De toppar Hela Sunnes lista.<\/a><\/p>\n<p><a href=\"https:\/\/www.fryksdalsbygden.se\/2020\/09\/22\/insandare-om-kommunens-obetalda-miljonskulder\/\">2020-09-22: Om kommunens obetalda miljonskulder.<\/a><\/p>\n<p><a href=\"https:\/\/www.helasunne.se\/wp-content\/uploads\/2015\/01\/Bj\u00f6rn-Gillbergs-protokollsanteckning-Au-16-2020-09-16.pdf\">2020-09-20. Hela Sunne har f\u00f6rtroende f\u00f6r fasgihetsbolagets Vd. Bj\u00f6rn Gillbergs protokollsanteckning Au 16 2020-09-16<\/a><\/p>\n<p><a href=\"https:\/\/www.helasunne.se\/wp-content\/uploads\/2015\/01\/Protokollsanteckning-KS-2020-09-04.pdf\">2020-09-04. Protokollsanteckning KS om upps\u00e4gningen av kommunchefen 2020-09-04<\/a><\/p>\n<p><a href=\"https:\/\/www.helasunne.se\/wp-content\/uploads\/2015\/01\/Brev-till-Gunilla-Ingemyr-inf\u00f6r-kommunstyrelsens-sammantr\u00e4de-2020-06-02.pdf\">2020-06-07: Brev till Gunilla Ingemyr inf\u00f6r kommunstyrelsens sammantr\u00e4de 2020-06-02<\/a><\/p>\n<p><a href=\"https:\/\/www.helasunne.se\/wp-content\/uploads\/2015\/01\/I-B\u00e4ckalund-ger-man-sig-inte.pdf\">2019-11-17: F\u00f6rskolan Grankotten \u00f6ppnar i B\u00e4ckalund i januari 2020.<\/a><\/p>\n<p><a href=\"https:\/\/www.helasunne.se\/wp-content\/uploads\/2015\/01\/Protokoll-styrelsem\u00f6te-Hela-Sunne-17-april-2019.pdf\">2019-04-23: Fakta om uteslutningarna.<\/a><\/p>\n<p><a href=\"https:\/\/www.helasunne.se\/wp-content\/uploads\/2015\/01\/Utredning-om-framtida-skolorganisation-slutlig.pdf\">2018-11-18: PWCs utredning om den framtida skolstrukturen i Sunne<\/a><\/p>\n<p><a href=\"https:\/\/www.helasunne.se\/wp-content\/uploads\/2015\/01\/Hela-Sunne-folder_korr1.pdf\">Hela Sunnes valutskick: Bl\u00e5sningen.<\/a><\/p>\n<p><a href=\"https:\/\/www.helasunne.se\/wp-content\/uploads\/2015\/01\/Hela-Sunne-valfolder-2018web.pdf\">Hela Sunnes valfolder 2018<\/a><\/p>\n<p><a href=\"https:\/\/www.helasunne.se\/wp-content\/uploads\/2015\/01\/Hela-Sunnes-Budgetf\u00f6rslag-drift-2019-tkr.pdf\">Hela Sunnes Budgetf\u00f6rslag drift 2019 tkr<\/a><\/p>\n<p><a href=\"https:\/\/www.helasunne.se\/wp-content\/uploads\/2015\/01\/Valsedel-2018.png\"> 2018-05-30: Hela Sunnes fullm\u00e4ktigekandidater 2018.<\/a><\/p>\n<p><a href=\"https:\/\/nwt.se\/sunne\/fb-insandare\/2018\/05\/14\/c-kommer-att-ga-pa-en-propp\">2018-05-15: C kommer att g\u00e5 p\u00e5 en propp.<\/a><\/p>\n<p><a href=\"https:\/\/nwt.se\/sunne\/fb-insandare\/2018\/04\/19\/den-stora-skolslakten\">2018-04-20: Den stora skolslakten.<\/a><\/p>\n<p><a href=\"http:\/\/sverigesradio.se\/sida\/artikel.aspx?programid=93&amp;artikel=6578930\">2016-12-02: F\u00f6rvaltningsr\u00e4tten: Fel att avs\u00e4tta Anders Broman.<\/a><\/p>\n<p><a href=\"https:\/\/www.helasunne.se\/wp-content\/uploads\/2015\/01\/Reservation-Sunne-Turism.pdf\">2016-03-08: Reservation Sunne Turism<\/a><\/p>\n<p><a href=\"https:\/\/www.helasunne.se\/wp-content\/uploads\/2015\/01\/Reservation-\u00e4rende-9-KS-8-mars.pdf\">2016-03-08: Reservation skolplan<\/a><\/p>\n<p><a href=\"https:\/\/www.helasunne.se\/wp-content\/uploads\/2015\/01\/HS-annons-dec-15.pdf\">2015-12-16: Annons i Sunne-Nytt.<\/a><\/p>\n<p><a href=\"https:\/\/www.helasunne.se\/wp-content\/uploads\/2015\/01\/Motion-till-Sunne-kommunfullm\u00e4ktige-om-samlad-kommunal-f\u00f6rvaltning.pdf\">2015-11-23: Motion till Sunne kommunfullm\u00e4ktige om samlad kommunal f\u00f6rvaltning<\/a><\/p>\n<p><a href=\"https:\/\/www.helasunne.se\/wp-content\/uploads\/2015\/01\/Stordalengruppen-sviker-uppg\u00f6relsen-med-Sunne-kommun.pdf\">2014-10-23: Stordalengruppen sviker uppg\u00f6relsen med Sunne kommun<\/a><\/p>\n<p><a href=\"https:\/\/www.helasunne.se\/wp-content\/uploads\/2015\/01\/F\u00f6rslag-Hotell-Selma-Lagerl\u00f6f.pdf\">2015-10-13: HS och S f\u00f6resl\u00e5r att kommunen f\u00f6rv\u00e4rvar Hotell Selma Lagerl\u00f6f.<\/a><\/p>\n<p><a href=\"https:\/\/www.helasunne.se\/wp-content\/uploads\/2015\/01\/Reservation-HS-MP.pdf\">2015-08-18: Hela Sunne och Milj\u00f6partiet reserverar sig mot beslutet att inte \u00e5ter\u00f6ppna Rottneros<\/a><\/p>\n","protected":false},"excerpt":{"rendered":"<p>&nbsp; Nyheter KD med n\u00e4r partierna i Sunnesamverkan g\u00e5r till val: \u201dVi vill ta ett steg till\u201d. FB 2026-05-07. Statliga vindkraftmutor. FB 2026-04-27. Hela Sunnes lista spikad. FB 2026-03-24. Majoritet f\u00f6r att \u00e5ter\u00f6ppna Kl\u00e4ttenskolan. FB 2025-11-10. Allm\u00e4nna utskottet s\u00e4ger jag till markanvisning f\u00f6r Corteq Energy AB. FB 2025-09-22. Hon blir ordf\u00f6rande f\u00f6r partiet Hela Sunne. [&hellip;]<\/p>\n","protected":false},"author":1,"featured_media":0,"parent":0,"menu_order":0,"comment_status":"closed","ping_status":"closed","template":"page-templates\/front-page.php","meta":{"footnotes":""},"class_list":["post-2","page","type-page","status-publish","hentry"],"_links":{"self":[{"href":"https:\/\/www.helasunne.se\/index.php?rest_route=\/wp\/v2\/pages\/2","targetHints":{"allow":["GET"]}}],"collection":[{"href":"https:\/\/www.helasunne.se\/index.php?rest_route=\/wp\/v2\/pages"}],"about":[{"href":"https:\/\/www.helasunne.se\/index.php?rest_route=\/wp\/v2\/types\/page"}],"author":[{"embeddable":true,"href":"https:\/\/www.helasunne.se\/index.php?rest_route=\/wp\/v2\/users\/1"}],"replies":[{"embeddable":true,"href":"https:\/\/www.helasunne.se\/index.php?rest_route=%2Fwp%2Fv2%2Fcomments&post=2"}],"version-history":[{"count":68,"href":"https:\/\/www.helasunne.se\/index.php?rest_route=\/wp\/v2\/pages\/2\/revisions"}],"predecessor-version":[{"id":850,"href":"https:\/\/www.helasunne.se\/index.php?rest_route=\/wp\/v2\/pages\/2\/revisions\/850"}],"wp:attachment":[{"href":"https:\/\/www.helasunne.se\/index.php?rest_route=%2Fwp%2Fv2%2Fmedia&parent=2"}],"curies":[{"name":"wp","href":"https:\/\/api.w.org\/{rel}","templated":true}]}}