{"id":113,"date":"2015-01-21T21:01:46","date_gmt":"2015-01-21T21:01:46","guid":{"rendered":"https:\/\/www.helasunne.se\/?page_id=113"},"modified":"2018-07-15T10:37:45","modified_gmt":"2018-07-15T10:37:45","slug":"karl-grankvist","status":"publish","type":"page","link":"https:\/\/www.helasunne.se\/?page_id=113","title":{"rendered":"Karl Grankvist"},"content":{"rendered":"<p><a href=\"https:\/\/www.helasunne.se\/wp-content\/uploads\/2015\/01\/KarlGrankvist.jpg\"><img loading=\"lazy\" decoding=\"async\" src=\"https:\/\/www.helasunne.se\/wp-content\/uploads\/2015\/01\/KarlGrankvist.jpg\" alt=\"KarlGrankvist\" width=\"534\" height=\"640\" class=\"alignnone size-full wp-image-78\" srcset=\"https:\/\/www.helasunne.se\/wp-content\/uploads\/2015\/01\/KarlGrankvist.jpg 534w, https:\/\/www.helasunne.se\/wp-content\/uploads\/2015\/01\/KarlGrankvist-250x300.jpg 250w\" sizes=\"auto, (max-width: 534px) 100vw, 534px\" \/><\/a><\/p>\n<p>Drifttekniker. Bor i Rottneros. Mina intressen \u00e4r bl.a. jakt, natur och milj\u00f6, och jag anser att politiska beslut b\u00f6r tas s\u00e5 n\u00e4ra inv\u00e5narna som m\u00f6jligt. Det viktigaste f\u00f6r politiken i Sunne idag \u00e4r att inte spara p\u00e5 barnen.<\/p>\n","protected":false},"excerpt":{"rendered":"<p>Drifttekniker. Bor i Rottneros. Mina intressen \u00e4r bl.a. jakt, natur och milj\u00f6, och jag anser att politiska beslut b\u00f6r tas s\u00e5 n\u00e4ra inv\u00e5narna som m\u00f6jligt. Det viktigaste f\u00f6r politiken i Sunne idag \u00e4r att inte spara p\u00e5 barnen.<\/p>\n","protected":false},"author":1,"featured_media":0,"parent":37,"menu_order":0,"comment_status":"closed","ping_status":"closed","template":"","meta":{"footnotes":""},"class_list":["post-113","page","type-page","status-publish","hentry"],"_links":{"self":[{"href":"https:\/\/www.helasunne.se\/index.php?rest_route=\/wp\/v2\/pages\/113","targetHints":{"allow":["GET"]}}],"collection":[{"href":"https:\/\/www.helasunne.se\/index.php?rest_route=\/wp\/v2\/pages"}],"about":[{"href":"https:\/\/www.helasunne.se\/index.php?rest_route=\/wp\/v2\/types\/page"}],"author":[{"embeddable":true,"href":"https:\/\/www.helasunne.se\/index.php?rest_route=\/wp\/v2\/users\/1"}],"replies":[{"embeddable":true,"href":"https:\/\/www.helasunne.se\/index.php?rest_route=%2Fwp%2Fv2%2Fcomments&post=113"}],"version-history":[{"count":3,"href":"https:\/\/www.helasunne.se\/index.php?rest_route=\/wp\/v2\/pages\/113\/revisions"}],"predecessor-version":[{"id":437,"href":"https:\/\/www.helasunne.se\/index.php?rest_route=\/wp\/v2\/pages\/113\/revisions\/437"}],"up":[{"embeddable":true,"href":"https:\/\/www.helasunne.se\/index.php?rest_route=\/wp\/v2\/pages\/37"}],"wp:attachment":[{"href":"https:\/\/www.helasunne.se\/index.php?rest_route=%2Fwp%2Fv2%2Fmedia&parent=113"}],"curies":[{"name":"wp","href":"https:\/\/api.w.org\/{rel}","templated":true}]}}